{"id":96,"date":"2025-10-07T17:33:38","date_gmt":"2025-10-07T17:33:38","guid":{"rendered":"https:\/\/confettimkt.com\/?page_id=96"},"modified":"2025-10-09T01:59:49","modified_gmt":"2025-10-09T01:59:49","slug":"96-2","status":"publish","type":"page","link":"https:\/\/confettimkt.com\/index.php\/96-2\/","title":{"rendered":"Servicios"},"content":{"rendered":"<h2>Identidad Corporativa<\/h2>\t\t\t\t\t<h2>Dise\u00f1o Gr\u00e1fico<\/h2>\t\t\t\t\t<h2>P\u00e1ginas Web<\/h2>\t\t\t\t\t<h2>Consultor\u00eda<\/h2>\t\t\t\t\t<h2>Cursos<\/h2>\n\n","protected":false},"excerpt":{"rendered":"<p>Identidad Corporativa Dise\u00f1o Gr\u00e1fico P\u00e1ginas Web Consultor\u00eda Cursos<\/p>\n","protected":false},"author":1,"featured_media":0,"parent":0,"menu_order":0,"comment_status":"closed","ping_status":"closed","template":"","meta":{"saved_in_kubio":true,"footnotes":""},"class_list":["post-96","page","type-page","status-publish","hentry"],"kubio_ai_page_context":{"short_desc":"","purpose":"general"},"_links":{"self":[{"href":"https:\/\/confettimkt.com\/index.php\/wp-json\/wp\/v2\/pages\/96","targetHints":{"allow":["GET"]}}],"collection":[{"href":"https:\/\/confettimkt.com\/index.php\/wp-json\/wp\/v2\/pages"}],"about":[{"href":"https:\/\/confettimkt.com\/index.php\/wp-json\/wp\/v2\/types\/page"}],"author":[{"embeddable":true,"href":"https:\/\/confettimkt.com\/index.php\/wp-json\/wp\/v2\/users\/1"}],"replies":[{"embeddable":true,"href":"https:\/\/confettimkt.com\/index.php\/wp-json\/wp\/v2\/comments?post=96"}],"version-history":[{"count":13,"href":"https:\/\/confettimkt.com\/index.php\/wp-json\/wp\/v2\/pages\/96\/revisions"}],"predecessor-version":[{"id":235,"href":"https:\/\/confettimkt.com\/index.php\/wp-json\/wp\/v2\/pages\/96\/revisions\/235"}],"wp:attachment":[{"href":"https:\/\/confettimkt.com\/index.php\/wp-json\/wp\/v2\/media?parent=96"}],"curies":[{"name":"wp","href":"https:\/\/api.w.org\/{rel}","templated":true}]}}